{"id":3042,"date":"2020-05-20T12:40:42","date_gmt":"2020-05-20T10:40:42","guid":{"rendered":"https:\/\/www.neograss.es\/aviso-legal\/"},"modified":"2020-05-20T12:40:43","modified_gmt":"2020-05-20T10:40:43","slug":"aviso-legal","status":"publish","type":"page","link":"https:\/\/www.neograss.es\/en\/aviso-legal\/","title":{"rendered":"AVISO LEGAL"},"content":{"rendered":"<div class=\"fusion-fullwidth fullwidth-box fusion-builder-row-1 nonhundred-percent-fullwidth non-hundred-percent-height-scrolling\" style=\"background-color: rgba(255,255,255,0);background-position: center center;background-repeat: no-repeat;padding-top:200px;padding-right:0px;padding-bottom:0px;padding-left:0px;margin-bottom: 0px;margin-top: 0px;border-width: 0px 0px 0px 0px;border-color:#eae9e9;border-style:solid;\" ><div class=\"fusion-builder-row fusion-row\"><div class=\"fusion-layout-column fusion_builder_column fusion-builder-column-0 fusion_builder_column_1_1 1_1 fusion-one-full fusion-column-first fusion-column-last\" style=\"margin-top:20px;margin-bottom:20px;\"><div class=\"fusion-column-wrapper fusion-flex-column-wrapper-legacy\" style=\"background-position:left top;background-repeat:no-repeat;-webkit-background-size:cover;-moz-background-size:cover;-o-background-size:cover;background-size:cover;padding: 0px 0px 0px 0px;\"><div class=\"fusion-text fusion-text-1\"><h3><span style=\"color: #a3bd31\"><strong>AVISO LEGAL<\/strong><\/span><\/h3>\n<p>neograss dise\u00f1o, SL (en adelante neograss) provista con CIF B73594111, y direcci\u00f3n en Calle Pintor Pedro Orrente, 6, 4\u00ba piso, 30007, Murcia, Espa\u00f1a, no puede asumir ninguna responsabilidad derivada del uso incorrecto, inapropiado o il\u00edcito de la informaci\u00f3n aparecida en la p\u00e1gina de Internet de neograss.<\/p>\n<p>Con los l\u00edmites establecidos en la ley, neograss no asume ninguna responsabilidad derivada de la falta de veracidad, integridad, actualizaci\u00f3n y precisi\u00f3n de los datos o informaciones que se contienen en sus p\u00e1ginas de Internet.<\/p>\n<p>Los contenidos e informaci\u00f3n no vinculan a neograss ni constituyen opiniones, consejos o asesoramiento legal de ning\u00fan tipo pues se trata meramente de un servicio ofrecido con car\u00e1cter informativo y divulgativo.<\/p>\n<p>La p\u00e1gina de Internet de neograss puede contener enlaces (links) a otras p\u00e1ginas de terceras partes que neograss no puede controlar. Por lo tanto, neograss no puede asumir responsabilidades por el contenido que pueda aparecer en p\u00e1ginas de terceros.<\/p>\n<p>Los textos, im\u00e1genes, sonidos, animaciones, software y el resto de los contenidos incluidos en este website son propiedad exclusiva de neograss o sus licenciantes. Cualquier acto de transmisi\u00f3n, distribuci\u00f3n, cesi\u00f3n, reproducci\u00f3n, almacenamiento o comunicaci\u00f3n p\u00fablica total o parcial, debe contar con el consentimiento expreso de neograss.<\/p>\n<p>Asimismo, para acceder a algunos de los servicios que neograss ofrece a trav\u00e9s del website deber\u00e1 proporcionar algunos datos de car\u00e1cter personal. En cumplimiento de lo establecido en el Reglamento (UE) 2016\/679 del Parlamento Europeo y del Consejo, de 27 de abril de 2016, relativo a la protecci\u00f3n de las personas f\u00edsicas en lo que respecta al tratamiento de datos personales y a la libre circulaci\u00f3n de estos datos le informamos que, mediante la cumplimentaci\u00f3n de los presentes formularios, sus datos personales quedar\u00e1n incorporados y ser\u00e1n tratados en los ficheros de neograss con el fin de poderle prestar y ofrecer nuestros servicios as\u00ed como para informarle de las mejoras del sitio Web. Asimismo, le informamos de la posibilidad de que ejerza los derechos de acceso, rectificaci\u00f3n, cancelaci\u00f3n y oposici\u00f3n de sus datos de car\u00e1cter personal, manera gratuita mediante email a <a href=\"mailto:info@neograss.es\" target=\"_blank\" rel=\"noopener noreferrer\">info@neograss.es<\/a> o en la direcci\u00f3n arriba indicada.<\/p>\n<\/div><div class=\"fusion-clearfix\"><\/div><\/div><\/div><\/div><\/div>\n","protected":false},"excerpt":{"rendered":"","protected":false},"author":1,"featured_media":0,"parent":0,"menu_order":0,"comment_status":"closed","ping_status":"open","template":"","meta":[],"yoast_head":"<!-- This site is optimized with the Yoast SEO plugin v17.0 - https:\/\/yoast.com\/wordpress\/plugins\/seo\/ -->\n<title>AVISO LEGAL - neograss dise\u00f1o<\/title>\n<meta name=\"robots\" content=\"index, follow, max-snippet:-1, max-image-preview:large, max-video-preview:-1\" \/>\n<link rel=\"canonical\" href=\"https:\/\/www.neograss.es\/en\/aviso-legal\/\" \/>\n<meta property=\"og:locale\" content=\"en_US\" \/>\n<meta property=\"og:type\" content=\"article\" \/>\n<meta property=\"og:title\" content=\"AVISO LEGAL - neograss dise\u00f1o\" \/>\n<meta property=\"og:url\" content=\"https:\/\/www.neograss.es\/en\/aviso-legal\/\" \/>\n<meta property=\"og:site_name\" content=\"neograss dise\u00f1o\" \/>\n<meta property=\"article:modified_time\" content=\"2020-05-20T10:40:43+00:00\" \/>\n<meta name=\"twitter:card\" content=\"summary_large_image\" \/>\n<meta name=\"twitter:label1\" content=\"Est. reading time\" \/>\n\t<meta name=\"twitter:data1\" content=\"3 minutes\" \/>\n<script type=\"application\/ld+json\" class=\"yoast-schema-graph\">{\"@context\":\"https:\/\/schema.org\",\"@graph\":[{\"@type\":\"WebSite\",\"@id\":\"https:\/\/www.neograss.es\/#website\",\"url\":\"https:\/\/www.neograss.es\/\",\"name\":\"neograss dise\\u00f1o\",\"description\":\"c\\u00e9sped siempre verde\",\"potentialAction\":[{\"@type\":\"SearchAction\",\"target\":{\"@type\":\"EntryPoint\",\"urlTemplate\":\"https:\/\/www.neograss.es\/?s={search_term_string}\"},\"query-input\":\"required name=search_term_string\"}],\"inLanguage\":\"en-US\"},{\"@type\":\"WebPage\",\"@id\":\"https:\/\/www.neograss.es\/en\/aviso-legal\/#webpage\",\"url\":\"https:\/\/www.neograss.es\/en\/aviso-legal\/\",\"name\":\"AVISO LEGAL - neograss dise\\u00f1o\",\"isPartOf\":{\"@id\":\"https:\/\/www.neograss.es\/#website\"},\"datePublished\":\"2020-05-20T10:40:42+00:00\",\"dateModified\":\"2020-05-20T10:40:43+00:00\",\"breadcrumb\":{\"@id\":\"https:\/\/www.neograss.es\/en\/aviso-legal\/#breadcrumb\"},\"inLanguage\":\"en-US\",\"potentialAction\":[{\"@type\":\"ReadAction\",\"target\":[\"https:\/\/www.neograss.es\/en\/aviso-legal\/\"]}]},{\"@type\":\"BreadcrumbList\",\"@id\":\"https:\/\/www.neograss.es\/en\/aviso-legal\/#breadcrumb\",\"itemListElement\":[{\"@type\":\"ListItem\",\"position\":1,\"name\":\"Portada\",\"item\":\"https:\/\/www.neograss.es\/en\/\"},{\"@type\":\"ListItem\",\"position\":2,\"name\":\"AVISO LEGAL\"}]}]}<\/script>\n<!-- \/ Yoast SEO plugin. -->","yoast_head_json":{"title":"AVISO LEGAL - neograss dise\u00f1o","robots":{"index":"index","follow":"follow","max-snippet":"max-snippet:-1","max-image-preview":"max-image-preview:large","max-video-preview":"max-video-preview:-1"},"canonical":"https:\/\/www.neograss.es\/en\/aviso-legal\/","og_locale":"en_US","og_type":"article","og_title":"AVISO LEGAL - neograss dise\u00f1o","og_url":"https:\/\/www.neograss.es\/en\/aviso-legal\/","og_site_name":"neograss dise\u00f1o","article_modified_time":"2020-05-20T10:40:43+00:00","twitter_card":"summary_large_image","twitter_misc":{"Est. reading time":"3 minutes"},"schema":{"@context":"https:\/\/schema.org","@graph":[{"@type":"WebSite","@id":"https:\/\/www.neograss.es\/#website","url":"https:\/\/www.neograss.es\/","name":"neograss dise\u00f1o","description":"c\u00e9sped siempre verde","potentialAction":[{"@type":"SearchAction","target":{"@type":"EntryPoint","urlTemplate":"https:\/\/www.neograss.es\/?s={search_term_string}"},"query-input":"required name=search_term_string"}],"inLanguage":"en-US"},{"@type":"WebPage","@id":"https:\/\/www.neograss.es\/en\/aviso-legal\/#webpage","url":"https:\/\/www.neograss.es\/en\/aviso-legal\/","name":"AVISO LEGAL - neograss dise\u00f1o","isPartOf":{"@id":"https:\/\/www.neograss.es\/#website"},"datePublished":"2020-05-20T10:40:42+00:00","dateModified":"2020-05-20T10:40:43+00:00","breadcrumb":{"@id":"https:\/\/www.neograss.es\/en\/aviso-legal\/#breadcrumb"},"inLanguage":"en-US","potentialAction":[{"@type":"ReadAction","target":["https:\/\/www.neograss.es\/en\/aviso-legal\/"]}]},{"@type":"BreadcrumbList","@id":"https:\/\/www.neograss.es\/en\/aviso-legal\/#breadcrumb","itemListElement":[{"@type":"ListItem","position":1,"name":"Portada","item":"https:\/\/www.neograss.es\/en\/"},{"@type":"ListItem","position":2,"name":"AVISO LEGAL"}]}]}},"_links":{"self":[{"href":"https:\/\/www.neograss.es\/en\/wp-json\/wp\/v2\/pages\/3042"}],"collection":[{"href":"https:\/\/www.neograss.es\/en\/wp-json\/wp\/v2\/pages"}],"about":[{"href":"https:\/\/www.neograss.es\/en\/wp-json\/wp\/v2\/types\/page"}],"author":[{"embeddable":true,"href":"https:\/\/www.neograss.es\/en\/wp-json\/wp\/v2\/users\/1"}],"replies":[{"embeddable":true,"href":"https:\/\/www.neograss.es\/en\/wp-json\/wp\/v2\/comments?post=3042"}],"version-history":[{"count":0,"href":"https:\/\/www.neograss.es\/en\/wp-json\/wp\/v2\/pages\/3042\/revisions"}],"wp:attachment":[{"href":"https:\/\/www.neograss.es\/en\/wp-json\/wp\/v2\/media?parent=3042"}],"curies":[{"name":"wp","href":"https:\/\/api.w.org\/{rel}","templated":true}]}}